{"id":1021,"date":"2023-01-10T14:57:03","date_gmt":"2023-01-10T17:57:03","guid":{"rendered":"https:\/\/tintascuritiba.com.br\/?post_type=product&#038;p=1021"},"modified":"2023-01-10T14:57:04","modified_gmt":"2023-01-10T17:57:04","slug":"roma-mascara-protetora-facial-roma-com-fecho-plastico-6090-12","status":"publish","type":"product","link":"https:\/\/tintascuritiba.com.br\/index.php\/produto\/roma-mascara-protetora-facial-roma-com-fecho-plastico-6090-12\/","title":{"rendered":"Roma Mascara Protetora Facial Roma Com Fecho Pl\u00e1stico 6090 12"},"content":{"rendered":"<p>A m\u00e1scara Protetora Facial Roma possui viseira transparente em PET G com espessura de 0,5mm, sua base em pl\u00e1stico laranja PP e tiara branca em polietileno flex\u00edvel ajust\u00e1vel com 6 garras. A M\u00e1scara Protetora Roma \u00e9 de material leve, possui abertura m\u00e1xima de 69cm e abertura m\u00ednima de 52cm. Ideal para a prote\u00e7\u00e3o completa do rosto sem desconforto.<br \/>\nUma das melhores alternativas para proteger a regi\u00e3o do rosto, o Protetor Facial Incolor CA 14197 Roma \u00e9 indicado para a prote\u00e7\u00e3o dos olhos e face contra impacto de part\u00edculas volantes frontais.<br \/>\nIdeal para o uso em serralheria, carpintaria, agricultura, montadora, laborat\u00f3rio f\u00edsico, manuseio de material org\u00e2nico e etc, tem seu visor moldado em PETG incolor de alta qualidade com resist\u00eancia a impactos e seu ajusta \u00e0 cabe\u00e7a do usu\u00e1rio \u00e9 feito atrav\u00e9s de uma carneira simples e \u00e9 resistente a raios ultravioleta.<\/p>\n<p>Benef\u00edcios:<br \/>\n&#8211; Ajust\u00e1vel<br \/>\n&#8211; Leve<br \/>\n&#8211; F\u00e1cil de montar<\/p>\n<p>Modo de uso:<br \/>\n1. Remova as pel\u00edculas protetoras das duas faces da viseira (remover no momento da montagem para uso, para evitar riscos e sujeira).<br \/>\n2. Encaixe a viseira na base laranja, iniciando por uma das extremidades, at\u00e9 encaixar 3 pontos.<br \/>\n3. Para encaixar o quarto (\u00faltimo) ponto, pressione a base do ponto para fora. Importante, pressionar abertura de 2cm.<br \/>\n4. Encaixe o estabilizador na base da viseira, de baixo para cima.<\/p>\n","protected":false},"excerpt":{"rendered":"<p>A m\u00e1scara Protetora Facial Roma possui viseira transparente em PET G com espessura de 0,5mm, sua base em pl\u00e1stico laranja PP e tiara branca em polietileno flex\u00edvel ajust\u00e1vel com 6 garras. A M\u00e1scara Protetora Roma \u00e9 de material leve, possui abertura m\u00e1xima de 69cm e abertura m\u00ednima de 52cm. Ideal para a prote\u00e7\u00e3o completa do rosto sem desconforto.<\/p>\n","protected":false},"featured_media":1022,"comment_status":"open","ping_status":"closed","template":"","meta":[],"product_cat":[58],"product_tag":[430,431,366],"class_list":{"0":"post-1021","1":"product","2":"type-product","3":"status-publish","4":"has-post-thumbnail","5":"hentry","6":"product_cat-acessorios-e-ferramentas","7":"product_tag-mascara-protetora-facial-roma-com-fecho-plastico","8":"product_tag-ref-6090-12","9":"product_tag-roma","11":"entry","12":"has-media","13":"owp-thumbs-layout-horizontal","14":"owp-btn-normal","15":"owp-tabs-layout-horizontal","16":"has-no-thumbnails","17":"has-product-nav"},"_links":{"self":[{"href":"https:\/\/tintascuritiba.com.br\/index.php\/wp-json\/wp\/v2\/product\/1021","targetHints":{"allow":["GET"]}}],"collection":[{"href":"https:\/\/tintascuritiba.com.br\/index.php\/wp-json\/wp\/v2\/product"}],"about":[{"href":"https:\/\/tintascuritiba.com.br\/index.php\/wp-json\/wp\/v2\/types\/product"}],"replies":[{"embeddable":true,"href":"https:\/\/tintascuritiba.com.br\/index.php\/wp-json\/wp\/v2\/comments?post=1021"}],"wp:featuredmedia":[{"embeddable":true,"href":"https:\/\/tintascuritiba.com.br\/index.php\/wp-json\/wp\/v2\/media\/1022"}],"wp:attachment":[{"href":"https:\/\/tintascuritiba.com.br\/index.php\/wp-json\/wp\/v2\/media?parent=1021"}],"wp:term":[{"taxonomy":"product_cat","embeddable":true,"href":"https:\/\/tintascuritiba.com.br\/index.php\/wp-json\/wp\/v2\/product_cat?post=1021"},{"taxonomy":"product_tag","embeddable":true,"href":"https:\/\/tintascuritiba.com.br\/index.php\/wp-json\/wp\/v2\/product_tag?post=1021"}],"curies":[{"name":"wp","href":"https:\/\/api.w.org\/{rel}","templated":true}]}}