{"id":1010,"date":"2023-01-10T14:33:47","date_gmt":"2023-01-10T17:33:47","guid":{"rendered":"https:\/\/tintascuritiba.com.br\/?post_type=product&#038;p=1010"},"modified":"2023-01-10T14:33:47","modified_gmt":"2023-01-10T17:33:47","slug":"roma-trinchas-medias-pro-com-cerdas-sinteticas-gris","status":"publish","type":"product","link":"https:\/\/tintascuritiba.com.br\/index.php\/produto\/roma-trinchas-medias-pro-com-cerdas-sinteticas-gris\/","title":{"rendered":"Roma Trinchas medias PRO com cerdas sint\u00e9ticas gris"},"content":{"rendered":"<p>Trinchas m\u00e9dias com cerdas sint\u00e9ticas gris selecionadas.<br \/>\n<strong>Indicada para todos os tipos de tintas.<\/strong><\/p>\n<p><strong>Excelente resist\u00eancia e \u00f3tima transfer\u00eancia da tinta.<\/strong><\/p>\n<p>Cabo pl\u00e1stico.<br \/>\nFabricada pelo sistema monobloco.<\/p>\n<table border=\"0\" width=\"100%\" cellspacing=\"0\" cellpadding=\"3\">\n<tbody>\n<tr>\n<td width=\"20%\">Ref.<\/td>\n<td width=\"52%\">Tam.\u00a0\u2013 Size<\/td>\n<td width=\"4%\"><\/td>\n<td width=\"24%\">C\u00f3d. EAN 13<\/td>\n<\/tr>\n<tr>\n<td width=\"20%\">312 001<\/td>\n<td>1\/2\u201d<\/td>\n<td><\/td>\n<td width=\"24%\">7891595002974<\/td>\n<\/tr>\n<tr>\n<td width=\"20%\">312 002<\/td>\n<td>3\/4\u201d<\/td>\n<td><\/td>\n<td width=\"24%\">7891595002981<\/td>\n<\/tr>\n<tr>\n<td width=\"20%\">312 003<\/td>\n<td>1\u201d<\/td>\n<td><\/td>\n<td width=\"24%\">7891595002998<\/td>\n<\/tr>\n<tr>\n<td width=\"20%\">312 004<\/td>\n<td>1.1\/2\u201d<\/td>\n<td><\/td>\n<td width=\"24%\">7891595003001<\/td>\n<\/tr>\n<tr>\n<td width=\"20%\">312 005<\/td>\n<td>2\u201d<\/td>\n<td><\/td>\n<td width=\"24%\">7891595003018<\/td>\n<\/tr>\n<tr>\n<td width=\"20%\">312 006<\/td>\n<td>2.1\/2\u201d<\/td>\n<td><\/td>\n<td width=\"24%\">7891595003025<\/td>\n<\/tr>\n<tr>\n<td width=\"20%\">312 007<\/td>\n<td>3\u201d<\/td>\n<td><\/td>\n<td width=\"24%\">7891595003032<\/td>\n<\/tr>\n<tr>\n<td width=\"20%\">312 008<\/td>\n<td>4\u201d<\/td>\n<td><\/td>\n<td width=\"24%\">7891595003049<\/td>\n<\/tr>\n<\/tbody>\n<\/table>\n","protected":false},"excerpt":{"rendered":"<p>Trinchas m\u00e9dias com cerdas sint\u00e9ticas gris selecionadas.<br \/>\n<strong>Indicada para todos os tipos de tintas.<\/strong><\/p>\n<p><strong>Excelente resist\u00eancia e \u00f3tima transfer\u00eancia da tinta.<\/strong><\/p>\n<p>Cabo pl\u00e1stico.<br \/>\nFabricada pelo sistema monobloco.<\/p>\n","protected":false},"featured_media":1011,"comment_status":"open","ping_status":"closed","template":"","meta":[],"product_cat":[58],"product_tag":[420,366,419],"class_list":{"0":"post-1010","1":"product","2":"type-product","3":"status-publish","4":"has-post-thumbnail","5":"hentry","6":"product_cat-acessorios-e-ferramentas","7":"product_tag-ref-312","8":"product_tag-roma","9":"product_tag-trinchas-medias-pro-com-cerdas-sinteticas-gris","11":"entry","12":"has-media","13":"owp-thumbs-layout-horizontal","14":"owp-btn-normal","15":"owp-tabs-layout-horizontal","16":"has-no-thumbnails","17":"has-product-nav"},"_links":{"self":[{"href":"https:\/\/tintascuritiba.com.br\/index.php\/wp-json\/wp\/v2\/product\/1010","targetHints":{"allow":["GET"]}}],"collection":[{"href":"https:\/\/tintascuritiba.com.br\/index.php\/wp-json\/wp\/v2\/product"}],"about":[{"href":"https:\/\/tintascuritiba.com.br\/index.php\/wp-json\/wp\/v2\/types\/product"}],"replies":[{"embeddable":true,"href":"https:\/\/tintascuritiba.com.br\/index.php\/wp-json\/wp\/v2\/comments?post=1010"}],"wp:featuredmedia":[{"embeddable":true,"href":"https:\/\/tintascuritiba.com.br\/index.php\/wp-json\/wp\/v2\/media\/1011"}],"wp:attachment":[{"href":"https:\/\/tintascuritiba.com.br\/index.php\/wp-json\/wp\/v2\/media?parent=1010"}],"wp:term":[{"taxonomy":"product_cat","embeddable":true,"href":"https:\/\/tintascuritiba.com.br\/index.php\/wp-json\/wp\/v2\/product_cat?post=1010"},{"taxonomy":"product_tag","embeddable":true,"href":"https:\/\/tintascuritiba.com.br\/index.php\/wp-json\/wp\/v2\/product_tag?post=1010"}],"curies":[{"name":"wp","href":"https:\/\/api.w.org\/{rel}","templated":true}]}}