{"id":1008,"date":"2023-01-10T14:31:23","date_gmt":"2023-01-10T17:31:23","guid":{"rendered":"https:\/\/tintascuritiba.com.br\/?post_type=product&#038;p=1008"},"modified":"2023-01-10T14:31:23","modified_gmt":"2023-01-10T17:31:23","slug":"roma-trinchas-medias-com-cerdas-brancas","status":"publish","type":"product","link":"https:\/\/tintascuritiba.com.br\/index.php\/produto\/roma-trinchas-medias-com-cerdas-brancas\/","title":{"rendered":"Roma Trinchas m\u00e9dias com cerdas brancas"},"content":{"rendered":"<p>Trinchas m\u00e9dias com cerdas brancas selecionadas.<br \/>\nIndicada para aplica\u00e7\u00e3o de vernizes. Cabo pl\u00e1stico.<br \/>\nFabricada pelo sistema monobloco.<\/p>\n<p>Tamanhos: 1 1\/2&#8243;; 2&#8243;; 2 1\/2&#8243;.<\/p>\n","protected":false},"excerpt":{"rendered":"<p>Trinchas m\u00e9dias com cerdas brancas selecionadas.<br \/>\nIndicada para aplica\u00e7\u00e3o de vernizes. Cabo pl\u00e1stico.<br \/>\nFabricada pelo sistema monobloco.<\/p>\n","protected":false},"featured_media":1009,"comment_status":"open","ping_status":"closed","template":"","meta":[],"product_cat":[58],"product_tag":[418,366,417],"class_list":{"0":"post-1008","1":"product","2":"type-product","3":"status-publish","4":"has-post-thumbnail","5":"hentry","6":"product_cat-acessorios-e-ferramentas","7":"product_tag-ref-303","8":"product_tag-roma","9":"product_tag-trinchas-medias-com-cerdas-brancas","11":"entry","12":"has-media","13":"owp-thumbs-layout-horizontal","14":"owp-btn-normal","15":"owp-tabs-layout-horizontal","16":"has-no-thumbnails","17":"has-product-nav"},"_links":{"self":[{"href":"https:\/\/tintascuritiba.com.br\/index.php\/wp-json\/wp\/v2\/product\/1008","targetHints":{"allow":["GET"]}}],"collection":[{"href":"https:\/\/tintascuritiba.com.br\/index.php\/wp-json\/wp\/v2\/product"}],"about":[{"href":"https:\/\/tintascuritiba.com.br\/index.php\/wp-json\/wp\/v2\/types\/product"}],"replies":[{"embeddable":true,"href":"https:\/\/tintascuritiba.com.br\/index.php\/wp-json\/wp\/v2\/comments?post=1008"}],"wp:featuredmedia":[{"embeddable":true,"href":"https:\/\/tintascuritiba.com.br\/index.php\/wp-json\/wp\/v2\/media\/1009"}],"wp:attachment":[{"href":"https:\/\/tintascuritiba.com.br\/index.php\/wp-json\/wp\/v2\/media?parent=1008"}],"wp:term":[{"taxonomy":"product_cat","embeddable":true,"href":"https:\/\/tintascuritiba.com.br\/index.php\/wp-json\/wp\/v2\/product_cat?post=1008"},{"taxonomy":"product_tag","embeddable":true,"href":"https:\/\/tintascuritiba.com.br\/index.php\/wp-json\/wp\/v2\/product_tag?post=1008"}],"curies":[{"name":"wp","href":"https:\/\/api.w.org\/{rel}","templated":true}]}}