{"id":1006,"date":"2023-01-10T14:22:17","date_gmt":"2023-01-10T17:22:17","guid":{"rendered":"https:\/\/tintascuritiba.com.br\/?post_type=product&#038;p=1006"},"modified":"2023-01-10T14:22:17","modified_gmt":"2023-01-10T17:22:17","slug":"roma-espatula-de-aco-cromado","status":"publish","type":"product","link":"https:\/\/tintascuritiba.com.br\/index.php\/produto\/roma-espatula-de-aco-cromado\/","title":{"rendered":"Roma Esp\u00e1tula de a\u00e7o cromado"},"content":{"rendered":"<p>Esp\u00e1tula em a\u00e7o r\u00edgido cromado.<br \/>\nA\u00e7o SAE 1045 temperado, 0,6mm.<br \/>\nCabo pl\u00e1stico bicolor injetado.<\/p>\n<table style=\"height: 254px;\" border=\"0\" width=\"826\" cellspacing=\"0\" cellpadding=\"3\">\n<tbody>\n<tr>\n<td width=\"20%\">Ref.<\/td>\n<td width=\"52%\">Tam.\u00a0\u2013 Size<\/td>\n<td width=\"4%\"><\/td>\n<td width=\"24%\">C\u00f3d. EAN 13<\/td>\n<\/tr>\n<tr>\n<td width=\"20%\"><\/td>\n<td><\/td>\n<td><\/td>\n<td width=\"24%\"><\/td>\n<\/tr>\n<tr>\n<td width=\"20%\">2030 4<\/td>\n<td>38mm<\/td>\n<td><\/td>\n<td width=\"24%\">7891595005364<\/td>\n<\/tr>\n<tr>\n<td width=\"20%\"><\/td>\n<td><\/td>\n<td><\/td>\n<td width=\"24%\"><\/td>\n<\/tr>\n<tr>\n<td width=\"20%\">2030 6<\/td>\n<td>63mm<\/td>\n<td><\/td>\n<td width=\"24%\">7891595005371<\/td>\n<\/tr>\n<tr>\n<td width=\"20%\">2030 8<\/td>\n<td>75mm<\/td>\n<td><\/td>\n<td width=\"24%\">7891595005388<\/td>\n<\/tr>\n<tr>\n<td width=\"20%\">2030 10<\/td>\n<td>100mm<\/td>\n<td><\/td>\n<td width=\"24%\">7891595005395<\/td>\n<\/tr>\n<tr>\n<td width=\"20%\">2030 12<\/td>\n<td>127mm<\/td>\n<td><\/td>\n<td width=\"24%\">7891595005401<\/td>\n<\/tr>\n<\/tbody>\n<\/table>\n","protected":false},"excerpt":{"rendered":"<p>Esp\u00e1tula em a\u00e7o r\u00edgido cromado.<br \/>\nA\u00e7o SAE 1045 temperado, 0,6mm.<br \/>\nCabo pl\u00e1stico bicolor injetado.<\/p>\n","protected":false},"featured_media":1007,"comment_status":"open","ping_status":"closed","template":"","meta":[],"product_cat":[58],"product_tag":[416,366],"class_list":{"0":"post-1006","1":"product","2":"type-product","3":"status-publish","4":"has-post-thumbnail","5":"hentry","6":"product_cat-acessorios-e-ferramentas","7":"product_tag-espatula-de-aco-cromado","8":"product_tag-roma","10":"entry","11":"has-media","12":"owp-thumbs-layout-horizontal","13":"owp-btn-normal","14":"owp-tabs-layout-horizontal","15":"has-no-thumbnails","16":"has-product-nav"},"_links":{"self":[{"href":"https:\/\/tintascuritiba.com.br\/index.php\/wp-json\/wp\/v2\/product\/1006","targetHints":{"allow":["GET"]}}],"collection":[{"href":"https:\/\/tintascuritiba.com.br\/index.php\/wp-json\/wp\/v2\/product"}],"about":[{"href":"https:\/\/tintascuritiba.com.br\/index.php\/wp-json\/wp\/v2\/types\/product"}],"replies":[{"embeddable":true,"href":"https:\/\/tintascuritiba.com.br\/index.php\/wp-json\/wp\/v2\/comments?post=1006"}],"wp:featuredmedia":[{"embeddable":true,"href":"https:\/\/tintascuritiba.com.br\/index.php\/wp-json\/wp\/v2\/media\/1007"}],"wp:attachment":[{"href":"https:\/\/tintascuritiba.com.br\/index.php\/wp-json\/wp\/v2\/media?parent=1006"}],"wp:term":[{"taxonomy":"product_cat","embeddable":true,"href":"https:\/\/tintascuritiba.com.br\/index.php\/wp-json\/wp\/v2\/product_cat?post=1006"},{"taxonomy":"product_tag","embeddable":true,"href":"https:\/\/tintascuritiba.com.br\/index.php\/wp-json\/wp\/v2\/product_tag?post=1006"}],"curies":[{"name":"wp","href":"https:\/\/api.w.org\/{rel}","templated":true}]}}